{"id":11404,"date":"2022-06-29T01:01:37","date_gmt":"2022-06-28T23:01:37","guid":{"rendered":"https:\/\/caracal-machines.cz\/?page_id=11404"},"modified":"2025-07-29T16:39:16","modified_gmt":"2025-07-29T14:39:16","slug":"o-firme","status":"publish","type":"page","link":"https:\/\/caracal-machines.cz\/sk\/o-firme\/","title":{"rendered":"O firme"},"content":{"rendered":"<p><img loading=\"lazy\" decoding=\"async\" class=\"size-full wp-image-61 alignright\" src=\"https:\/\/caracal-machines.cz\/new\/wp-content\/uploads\/2022\/06\/img_about.png\" alt=\"Eva Kalcovsk\u00e1 - CARACAL MACHINES s. r. o.\" width=\"568\" height=\"558\" srcset=\"https:\/\/caracal-machines.cz\/new\/wp-content\/uploads\/2022\/06\/img_about.png 568w, https:\/\/caracal-machines.cz\/new\/wp-content\/uploads\/2022\/06\/img_about-300x295.png 300w\" sizes=\"auto, (max-width: 568px) 100vw, 568px\" \/><\/p>\n<p data-start=\"0\" data-end=\"246\"><strong data-start=\"0\" data-end=\"40\">Spolo\u010dnos\u0165 CARACAL MACHINES s.\u202fr.\u202fo.<\/strong> je v\u00fdhradn\u00fdm\u202fdealerom stavebn\u00fdch a zemn\u00fdch strojov <strong data-start=\"92\" data-end=\"100\">SANY<\/strong> v\u202f\u010ceskej a Slovenskej republike. Patr\u00edme medzi najv\u00fdkonnej\u0161\u00edch eur\u00f3pskych predajcov tejto zna\u010dky (ocenenia <em data-start=\"195\" data-end=\"215\">Top Performer\u202f2021<\/em>, <em data-start=\"217\" data-end=\"242\">One\u2011Star\u2011Diamond Dealer<\/em>).<\/p>\n<p data-start=\"248\" data-end=\"520\">Na dom\u00e1com trhu \u010falej zastupujeme nemeck\u00e9ho v\u00fdrobcu kolesov\u00fdch naklada\u010dov <strong data-start=\"322\" data-end=\"332\">weycor<\/strong> od <strong data-start=\"336\" data-end=\"355\">ATLAS\u202fWeyhausen<\/strong> a rak\u00faskeho v\u00fdrobcu mobiln\u00fdch drvi\u010dov <strong data-start=\"394\" data-end=\"401\">SBM<\/strong>. Do produktov\u00e9ho portf\u00f3lia patr\u00ed aj kvalitn\u00e9 pr\u00edslu\u0161enstvo zna\u010diek <strong data-start=\"469\" data-end=\"479\">engcon<\/strong> (tiltrot\u00e1tory), <strong data-start=\"496\" data-end=\"503\">MBI<\/strong> a <strong data-start=\"506\" data-end=\"517\">Cangini<\/strong>.<\/p>\n<p data-start=\"522\" data-end=\"718\">Pre Slovensk\u00fa republiku sme dealerom pr\u00edstavnej techniky <strong data-start=\"579\" data-end=\"587\">SANY<\/strong>. Objedna\u0165 si u\u202fn\u00e1s m\u00f4\u017eete kontajnerov\u00fd manipul\u00e1tor, vysokozdvi\u017en\u00fd voz\u00edk, prekl\u00e1dkov\u00e9 r\u00fdpadlo \u010di preklada\u010d pr\u00e1zdnych kontajnerov.<\/p>\n<p data-start=\"720\" data-end=\"978\">Z\u00e1kazn\u00edkom zabezpe\u010dujeme predaj nov\u00fdch aj pou\u017eit\u00fdch strojov, komplexn\u00e9 servisn\u00e9 slu\u017eby (dielensk\u00fd a ter\u00e9nny servis), predaj origin\u00e1lnych n\u00e1hradn\u00fdch dielov a rad pr\u00e9miov\u00fdch slu\u017eieb, ako je financovanie na mieru, poradenstvo \u010di v\u00fdroba pr\u00edslu\u0161enstva na mieru.<\/p>\n<p data-start=\"980\" data-end=\"1176\">Na dlhodob\u00e9 i kr\u00e1tkodob\u00e9 z\u00e1kazky je mo\u017en\u00e9 si zapo\u017ei\u010da\u0165 stavebn\u00fa techniku z\u202fpo\u017ei\u010dovne strojov. Prenaja\u0165 si mo\u017eno stavebn\u00e9 stroje od 1,6\u202fdo\u202f40\u202fton so \u0161irokou \u0161k\u00e1lou pr\u00edslu\u0161enstva a mobiln\u00e9 drvi\u010de.<\/p>\n<p data-start=\"1178\" data-end=\"1347\" data-is-last-node=\"\" data-is-only-node=\"\">N\u00e1\u0161 \u00faspe\u0161n\u00fd obchodn\u00fd model je postaven\u00fd na individu\u00e1lnom pr\u00edstupe k\u202fz\u00e1kazn\u00edkovi a dlhodobej spolupr\u00e1ci. V\u017edy h\u013ead\u00e1me najv\u00fdhodnej\u0161ie rie\u0161enie zodpovedaj\u00face jeho potreb\u00e1m.<\/p>\n","protected":false},"excerpt":{"rendered":"<p>Spolo\u010dnos\u0165 CARACAL MACHINES s.\u202fr.\u202fo. je v\u00fdhradn\u00fdm\u202fdealerom stavebn\u00fdch a zemn\u00fdch strojov SANY v\u202f\u010ceskej a Slovenskej republike. Patr\u00edme medzi najv\u00fdkonnej\u0161\u00edch eur\u00f3pskych predajcov tejto zna\u010dky (ocenenia Top Performer\u202f2021, One\u2011Star\u2011Diamond Dealer). Na dom\u00e1com trhu \u010falej zastupujeme nemeck\u00e9ho v\u00fdrobcu kolesov\u00fdch naklada\u010dov weycor od ATLAS\u202fWeyhausen a rak\u00faskeho v\u00fdrobcu mobiln\u00fdch drvi\u010dov SBM. Do produktov\u00e9ho portf\u00f3lia patr\u00ed aj kvalitn\u00e9 pr\u00edslu\u0161enstvo zna\u010diek engcon (tiltrot\u00e1tory), [&hellip;]<\/p>\n","protected":false},"author":1,"featured_media":0,"parent":0,"menu_order":13,"comment_status":"closed","ping_status":"closed","template":"","meta":{"_acf_changed":false,"footnotes":""},"class_list":["post-11404","page","type-page","status-publish","hentry"],"acf":[],"yoast_head":"<!-- This site is optimized with the Yoast SEO plugin v26.6 - https:\/\/yoast.com\/wordpress\/plugins\/seo\/ -->\n<title>O firme - CARACAL MACHINES s. r. o.<\/title>\n<meta name=\"robots\" content=\"index, follow, max-snippet:-1, max-image-preview:large, max-video-preview:-1\" \/>\n<link rel=\"canonical\" href=\"https:\/\/caracal-machines.cz\/sk\/o-firme\/\" \/>\n<meta property=\"og:locale\" content=\"sk_SK\" \/>\n<meta property=\"og:type\" content=\"article\" \/>\n<meta property=\"og:title\" content=\"O firme - CARACAL MACHINES s. r. o.\" \/>\n<meta property=\"og:description\" content=\"Spolo\u010dnos\u0165 CARACAL MACHINES s.\u202fr.\u202fo. je v\u00fdhradn\u00fdm\u202fdealerom stavebn\u00fdch a zemn\u00fdch strojov SANY v\u202f\u010ceskej a Slovenskej republike. Patr\u00edme medzi najv\u00fdkonnej\u0161\u00edch eur\u00f3pskych predajcov tejto zna\u010dky (ocenenia Top Performer\u202f2021, One\u2011Star\u2011Diamond Dealer). Na dom\u00e1com trhu \u010falej zastupujeme nemeck\u00e9ho v\u00fdrobcu kolesov\u00fdch naklada\u010dov weycor od ATLAS\u202fWeyhausen a rak\u00faskeho v\u00fdrobcu mobiln\u00fdch drvi\u010dov SBM. Do produktov\u00e9ho portf\u00f3lia patr\u00ed aj kvalitn\u00e9 pr\u00edslu\u0161enstvo zna\u010diek engcon (tiltrot\u00e1tory), [&hellip;]\" \/>\n<meta property=\"og:url\" content=\"https:\/\/caracal-machines.cz\/sk\/o-firme\/\" \/>\n<meta property=\"og:site_name\" content=\"CARACAL MACHINES s. r. o.\" \/>\n<meta property=\"article:modified_time\" content=\"2025-07-29T14:39:16+00:00\" \/>\n<meta property=\"og:image\" content=\"https:\/\/caracal-machines.cz\/new\/wp-content\/uploads\/2022\/06\/img_about.png\" \/>\n<meta name=\"twitter:card\" content=\"summary_large_image\" \/>\n<meta name=\"twitter:label1\" content=\"Predpokladan\u00fd \u010das \u010d\u00edtania\" \/>\n\t<meta name=\"twitter:data1\" content=\"2 minutes\" \/>\n<script type=\"application\/ld+json\" class=\"yoast-schema-graph\">{\"@context\":\"https:\/\/schema.org\",\"@graph\":[{\"@type\":\"WebPage\",\"@id\":\"https:\/\/caracal-machines.cz\/sk\/o-firme\/\",\"url\":\"https:\/\/caracal-machines.cz\/sk\/o-firme\/\",\"name\":\"O firme - CARACAL MACHINES s. r. o.\",\"isPartOf\":{\"@id\":\"https:\/\/caracal-machines.cz\/sk\/#website\"},\"primaryImageOfPage\":{\"@id\":\"https:\/\/caracal-machines.cz\/sk\/o-firme\/#primaryimage\"},\"image\":{\"@id\":\"https:\/\/caracal-machines.cz\/sk\/o-firme\/#primaryimage\"},\"thumbnailUrl\":\"https:\/\/caracal-machines.cz\/new\/wp-content\/uploads\/2022\/06\/img_about.png\",\"datePublished\":\"2022-06-28T23:01:37+00:00\",\"dateModified\":\"2025-07-29T14:39:16+00:00\",\"breadcrumb\":{\"@id\":\"https:\/\/caracal-machines.cz\/sk\/o-firme\/#breadcrumb\"},\"inLanguage\":\"sk-SK\",\"potentialAction\":[{\"@type\":\"ReadAction\",\"target\":[\"https:\/\/caracal-machines.cz\/sk\/o-firme\/\"]}]},{\"@type\":\"ImageObject\",\"inLanguage\":\"sk-SK\",\"@id\":\"https:\/\/caracal-machines.cz\/sk\/o-firme\/#primaryimage\",\"url\":\"https:\/\/caracal-machines.cz\/new\/wp-content\/uploads\/2022\/06\/img_about.png\",\"contentUrl\":\"https:\/\/caracal-machines.cz\/new\/wp-content\/uploads\/2022\/06\/img_about.png\"},{\"@type\":\"BreadcrumbList\",\"@id\":\"https:\/\/caracal-machines.cz\/sk\/o-firme\/#breadcrumb\",\"itemListElement\":[{\"@type\":\"ListItem\",\"position\":1,\"name\":\"Dom\u016f\",\"item\":\"https:\/\/caracal-machines.cz\/\"},{\"@type\":\"ListItem\",\"position\":2,\"name\":\"O firme\"}]},{\"@type\":\"WebSite\",\"@id\":\"https:\/\/caracal-machines.cz\/sk\/#website\",\"url\":\"https:\/\/caracal-machines.cz\/sk\/\",\"name\":\"CARACAL MACHINES s. r. o.\",\"description\":\"\",\"potentialAction\":[{\"@type\":\"SearchAction\",\"target\":{\"@type\":\"EntryPoint\",\"urlTemplate\":\"https:\/\/caracal-machines.cz\/sk\/?s={search_term_string}\"},\"query-input\":{\"@type\":\"PropertyValueSpecification\",\"valueRequired\":true,\"valueName\":\"search_term_string\"}}],\"inLanguage\":\"sk-SK\"}]}<\/script>\n<!-- \/ Yoast SEO plugin. -->","yoast_head_json":{"title":"O firme - CARACAL MACHINES s. r. o.","robots":{"index":"index","follow":"follow","max-snippet":"max-snippet:-1","max-image-preview":"max-image-preview:large","max-video-preview":"max-video-preview:-1"},"canonical":"https:\/\/caracal-machines.cz\/sk\/o-firme\/","og_locale":"sk_SK","og_type":"article","og_title":"O firme - CARACAL MACHINES s. r. o.","og_description":"Spolo\u010dnos\u0165 CARACAL MACHINES s.\u202fr.\u202fo. je v\u00fdhradn\u00fdm\u202fdealerom stavebn\u00fdch a zemn\u00fdch strojov SANY v\u202f\u010ceskej a Slovenskej republike. Patr\u00edme medzi najv\u00fdkonnej\u0161\u00edch eur\u00f3pskych predajcov tejto zna\u010dky (ocenenia Top Performer\u202f2021, One\u2011Star\u2011Diamond Dealer). Na dom\u00e1com trhu \u010falej zastupujeme nemeck\u00e9ho v\u00fdrobcu kolesov\u00fdch naklada\u010dov weycor od ATLAS\u202fWeyhausen a rak\u00faskeho v\u00fdrobcu mobiln\u00fdch drvi\u010dov SBM. Do produktov\u00e9ho portf\u00f3lia patr\u00ed aj kvalitn\u00e9 pr\u00edslu\u0161enstvo zna\u010diek engcon (tiltrot\u00e1tory), [&hellip;]","og_url":"https:\/\/caracal-machines.cz\/sk\/o-firme\/","og_site_name":"CARACAL MACHINES s. r. o.","article_modified_time":"2025-07-29T14:39:16+00:00","og_image":[{"url":"https:\/\/caracal-machines.cz\/new\/wp-content\/uploads\/2022\/06\/img_about.png","type":"","width":"","height":""}],"twitter_card":"summary_large_image","twitter_misc":{"Predpokladan\u00fd \u010das \u010d\u00edtania":"2 minutes"},"schema":{"@context":"https:\/\/schema.org","@graph":[{"@type":"WebPage","@id":"https:\/\/caracal-machines.cz\/sk\/o-firme\/","url":"https:\/\/caracal-machines.cz\/sk\/o-firme\/","name":"O firme - CARACAL MACHINES s. r. o.","isPartOf":{"@id":"https:\/\/caracal-machines.cz\/sk\/#website"},"primaryImageOfPage":{"@id":"https:\/\/caracal-machines.cz\/sk\/o-firme\/#primaryimage"},"image":{"@id":"https:\/\/caracal-machines.cz\/sk\/o-firme\/#primaryimage"},"thumbnailUrl":"https:\/\/caracal-machines.cz\/new\/wp-content\/uploads\/2022\/06\/img_about.png","datePublished":"2022-06-28T23:01:37+00:00","dateModified":"2025-07-29T14:39:16+00:00","breadcrumb":{"@id":"https:\/\/caracal-machines.cz\/sk\/o-firme\/#breadcrumb"},"inLanguage":"sk-SK","potentialAction":[{"@type":"ReadAction","target":["https:\/\/caracal-machines.cz\/sk\/o-firme\/"]}]},{"@type":"ImageObject","inLanguage":"sk-SK","@id":"https:\/\/caracal-machines.cz\/sk\/o-firme\/#primaryimage","url":"https:\/\/caracal-machines.cz\/new\/wp-content\/uploads\/2022\/06\/img_about.png","contentUrl":"https:\/\/caracal-machines.cz\/new\/wp-content\/uploads\/2022\/06\/img_about.png"},{"@type":"BreadcrumbList","@id":"https:\/\/caracal-machines.cz\/sk\/o-firme\/#breadcrumb","itemListElement":[{"@type":"ListItem","position":1,"name":"Dom\u016f","item":"https:\/\/caracal-machines.cz\/"},{"@type":"ListItem","position":2,"name":"O firme"}]},{"@type":"WebSite","@id":"https:\/\/caracal-machines.cz\/sk\/#website","url":"https:\/\/caracal-machines.cz\/sk\/","name":"CARACAL MACHINES s. r. o.","description":"","potentialAction":[{"@type":"SearchAction","target":{"@type":"EntryPoint","urlTemplate":"https:\/\/caracal-machines.cz\/sk\/?s={search_term_string}"},"query-input":{"@type":"PropertyValueSpecification","valueRequired":true,"valueName":"search_term_string"}}],"inLanguage":"sk-SK"}]}},"_links":{"self":[{"href":"https:\/\/caracal-machines.cz\/sk\/wp-json\/wp\/v2\/pages\/11404","targetHints":{"allow":["GET"]}}],"collection":[{"href":"https:\/\/caracal-machines.cz\/sk\/wp-json\/wp\/v2\/pages"}],"about":[{"href":"https:\/\/caracal-machines.cz\/sk\/wp-json\/wp\/v2\/types\/page"}],"author":[{"embeddable":true,"href":"https:\/\/caracal-machines.cz\/sk\/wp-json\/wp\/v2\/users\/1"}],"replies":[{"embeddable":true,"href":"https:\/\/caracal-machines.cz\/sk\/wp-json\/wp\/v2\/comments?post=11404"}],"version-history":[{"count":0,"href":"https:\/\/caracal-machines.cz\/sk\/wp-json\/wp\/v2\/pages\/11404\/revisions"}],"wp:attachment":[{"href":"https:\/\/caracal-machines.cz\/sk\/wp-json\/wp\/v2\/media?parent=11404"}],"curies":[{"name":"wp","href":"https:\/\/api.w.org\/{rel}","templated":true}]}}