{"id":11333,"date":"2022-06-29T01:42:21","date_gmt":"2022-06-28T23:42:21","guid":{"rendered":"https:\/\/caracal-machines.cz\/?page_id=11333"},"modified":"2025-07-21T12:52:41","modified_gmt":"2025-07-21T10:52:41","slug":"prodej","status":"publish","type":"page","link":"https:\/\/caracal-machines.cz\/sk\/predaj\/","title":{"rendered":"Predaj"},"content":{"rendered":"<h2>Predaj stavebn\u00fdch strojov a pr\u00edslu\u0161enstva<\/h2>\n<p>Zabezpe\u010dujeme v\u0161etky slu\u017eby spojen\u00e9 s predajom a n\u00e1kupom nov\u00fdch aj pou\u017eit\u00fdch stavebn\u00fdch strojov a mechaniz\u00e1cie. Pom\u00f4\u017eeme v\u00e1m s konfigur\u00e1ciou vybran\u00e9ho stroja, postar\u00e1me sa o jeho transport do SR, financovanie, dot\u00e1cie \u010di homolog\u00e1ciu na prev\u00e1dzku na pozemn\u00fdch komunik\u00e1ci\u00e1ch. V\u00e1\u0161 star\u0161\u00ed stroj pod\u013ea dohody odk\u00fapime na proti\u00fa\u010det alebo zabezpe\u010d\u00edme jeho ekologick\u00fa likvid\u00e1ciu v s\u00falade s aktu\u00e1lne platn\u00fdmi normami.<\/p>\n","protected":false},"excerpt":{"rendered":"<p>Predaj stavebn\u00fdch strojov a pr\u00edslu\u0161enstva Zabezpe\u010dujeme v\u0161etky slu\u017eby spojen\u00e9 s predajom a n\u00e1kupom nov\u00fdch aj pou\u017eit\u00fdch stavebn\u00fdch strojov a mechaniz\u00e1cie. Pom\u00f4\u017eeme v\u00e1m s konfigur\u00e1ciou vybran\u00e9ho stroja, postar\u00e1me sa o jeho transport do SR, financovanie, dot\u00e1cie \u010di homolog\u00e1ciu na prev\u00e1dzku na pozemn\u00fdch komunik\u00e1ci\u00e1ch. V\u00e1\u0161 star\u0161\u00ed stroj pod\u013ea dohody odk\u00fapime na proti\u00fa\u010det alebo zabezpe\u010d\u00edme jeho ekologick\u00fa likvid\u00e1ciu [&hellip;]<\/p>\n","protected":false},"author":1,"featured_media":11334,"parent":0,"menu_order":15,"comment_status":"closed","ping_status":"closed","template":"templates\/template-prodej.php","meta":{"_acf_changed":false,"footnotes":""},"class_list":["post-11333","page","type-page","status-publish","has-post-thumbnail","hentry"],"acf":[],"yoast_head":"<!-- This site is optimized with the Yoast SEO plugin v26.6 - https:\/\/yoast.com\/wordpress\/plugins\/seo\/ -->\n<title>Predaj - CARACAL MACHINES s. r. o.<\/title>\n<meta name=\"robots\" content=\"index, follow, max-snippet:-1, max-image-preview:large, max-video-preview:-1\" \/>\n<link rel=\"canonical\" href=\"https:\/\/caracal-machines.cz\/sk\/predaj\/\" \/>\n<meta property=\"og:locale\" content=\"sk_SK\" \/>\n<meta property=\"og:type\" content=\"article\" \/>\n<meta property=\"og:title\" content=\"Predaj - CARACAL MACHINES s. r. o.\" \/>\n<meta property=\"og:description\" content=\"Predaj stavebn\u00fdch strojov a pr\u00edslu\u0161enstva Zabezpe\u010dujeme v\u0161etky slu\u017eby spojen\u00e9 s predajom a n\u00e1kupom nov\u00fdch aj pou\u017eit\u00fdch stavebn\u00fdch strojov a mechaniz\u00e1cie. Pom\u00f4\u017eeme v\u00e1m s konfigur\u00e1ciou vybran\u00e9ho stroja, postar\u00e1me sa o jeho transport do SR, financovanie, dot\u00e1cie \u010di homolog\u00e1ciu na prev\u00e1dzku na pozemn\u00fdch komunik\u00e1ci\u00e1ch. V\u00e1\u0161 star\u0161\u00ed stroj pod\u013ea dohody odk\u00fapime na proti\u00fa\u010det alebo zabezpe\u010d\u00edme jeho ekologick\u00fa likvid\u00e1ciu [&hellip;]\" \/>\n<meta property=\"og:url\" content=\"https:\/\/caracal-machines.cz\/sk\/predaj\/\" \/>\n<meta property=\"og:site_name\" content=\"CARACAL MACHINES s. r. o.\" \/>\n<meta property=\"article:modified_time\" content=\"2025-07-21T10:52:41+00:00\" \/>\n<meta property=\"og:image\" content=\"https:\/\/caracal-machines.cz\/new\/wp-content\/uploads\/2022\/06\/thumb_contact-1.jpg\" \/>\n\t<meta property=\"og:image:width\" content=\"1760\" \/>\n\t<meta property=\"og:image:height\" content=\"394\" \/>\n\t<meta property=\"og:image:type\" content=\"image\/jpeg\" \/>\n<meta name=\"twitter:card\" content=\"summary_large_image\" \/>\n<meta name=\"twitter:label1\" content=\"Predpokladan\u00fd \u010das \u010d\u00edtania\" \/>\n\t<meta name=\"twitter:data1\" content=\"1 minute\" \/>\n<script type=\"application\/ld+json\" class=\"yoast-schema-graph\">{\"@context\":\"https:\/\/schema.org\",\"@graph\":[{\"@type\":\"WebPage\",\"@id\":\"https:\/\/caracal-machines.cz\/sk\/predaj\/\",\"url\":\"https:\/\/caracal-machines.cz\/sk\/predaj\/\",\"name\":\"Predaj - CARACAL MACHINES s. r. o.\",\"isPartOf\":{\"@id\":\"https:\/\/caracal-machines.cz\/sk\/#website\"},\"primaryImageOfPage\":{\"@id\":\"https:\/\/caracal-machines.cz\/sk\/predaj\/#primaryimage\"},\"image\":{\"@id\":\"https:\/\/caracal-machines.cz\/sk\/predaj\/#primaryimage\"},\"thumbnailUrl\":\"https:\/\/caracal-machines.cz\/new\/wp-content\/uploads\/2022\/06\/thumb_contact-1.jpg\",\"datePublished\":\"2022-06-28T23:42:21+00:00\",\"dateModified\":\"2025-07-21T10:52:41+00:00\",\"breadcrumb\":{\"@id\":\"https:\/\/caracal-machines.cz\/sk\/predaj\/#breadcrumb\"},\"inLanguage\":\"sk-SK\",\"potentialAction\":[{\"@type\":\"ReadAction\",\"target\":[\"https:\/\/caracal-machines.cz\/sk\/predaj\/\"]}]},{\"@type\":\"ImageObject\",\"inLanguage\":\"sk-SK\",\"@id\":\"https:\/\/caracal-machines.cz\/sk\/predaj\/#primaryimage\",\"url\":\"https:\/\/caracal-machines.cz\/new\/wp-content\/uploads\/2022\/06\/thumb_contact-1.jpg\",\"contentUrl\":\"https:\/\/caracal-machines.cz\/new\/wp-content\/uploads\/2022\/06\/thumb_contact-1.jpg\",\"width\":1760,\"height\":394},{\"@type\":\"BreadcrumbList\",\"@id\":\"https:\/\/caracal-machines.cz\/sk\/predaj\/#breadcrumb\",\"itemListElement\":[{\"@type\":\"ListItem\",\"position\":1,\"name\":\"Dom\u016f\",\"item\":\"https:\/\/caracal-machines.cz\/\"},{\"@type\":\"ListItem\",\"position\":2,\"name\":\"Predaj\"}]},{\"@type\":\"WebSite\",\"@id\":\"https:\/\/caracal-machines.cz\/sk\/#website\",\"url\":\"https:\/\/caracal-machines.cz\/sk\/\",\"name\":\"CARACAL MACHINES s. r. o.\",\"description\":\"\",\"potentialAction\":[{\"@type\":\"SearchAction\",\"target\":{\"@type\":\"EntryPoint\",\"urlTemplate\":\"https:\/\/caracal-machines.cz\/sk\/?s={search_term_string}\"},\"query-input\":{\"@type\":\"PropertyValueSpecification\",\"valueRequired\":true,\"valueName\":\"search_term_string\"}}],\"inLanguage\":\"sk-SK\"}]}<\/script>\n<!-- \/ Yoast SEO plugin. -->","yoast_head_json":{"title":"Predaj - CARACAL MACHINES s. r. o.","robots":{"index":"index","follow":"follow","max-snippet":"max-snippet:-1","max-image-preview":"max-image-preview:large","max-video-preview":"max-video-preview:-1"},"canonical":"https:\/\/caracal-machines.cz\/sk\/predaj\/","og_locale":"sk_SK","og_type":"article","og_title":"Predaj - CARACAL MACHINES s. r. o.","og_description":"Predaj stavebn\u00fdch strojov a pr\u00edslu\u0161enstva Zabezpe\u010dujeme v\u0161etky slu\u017eby spojen\u00e9 s predajom a n\u00e1kupom nov\u00fdch aj pou\u017eit\u00fdch stavebn\u00fdch strojov a mechaniz\u00e1cie. Pom\u00f4\u017eeme v\u00e1m s konfigur\u00e1ciou vybran\u00e9ho stroja, postar\u00e1me sa o jeho transport do SR, financovanie, dot\u00e1cie \u010di homolog\u00e1ciu na prev\u00e1dzku na pozemn\u00fdch komunik\u00e1ci\u00e1ch. V\u00e1\u0161 star\u0161\u00ed stroj pod\u013ea dohody odk\u00fapime na proti\u00fa\u010det alebo zabezpe\u010d\u00edme jeho ekologick\u00fa likvid\u00e1ciu [&hellip;]","og_url":"https:\/\/caracal-machines.cz\/sk\/predaj\/","og_site_name":"CARACAL MACHINES s. r. o.","article_modified_time":"2025-07-21T10:52:41+00:00","og_image":[{"width":1760,"height":394,"url":"https:\/\/caracal-machines.cz\/new\/wp-content\/uploads\/2022\/06\/thumb_contact-1.jpg","type":"image\/jpeg"}],"twitter_card":"summary_large_image","twitter_misc":{"Predpokladan\u00fd \u010das \u010d\u00edtania":"1 minute"},"schema":{"@context":"https:\/\/schema.org","@graph":[{"@type":"WebPage","@id":"https:\/\/caracal-machines.cz\/sk\/predaj\/","url":"https:\/\/caracal-machines.cz\/sk\/predaj\/","name":"Predaj - CARACAL MACHINES s. r. o.","isPartOf":{"@id":"https:\/\/caracal-machines.cz\/sk\/#website"},"primaryImageOfPage":{"@id":"https:\/\/caracal-machines.cz\/sk\/predaj\/#primaryimage"},"image":{"@id":"https:\/\/caracal-machines.cz\/sk\/predaj\/#primaryimage"},"thumbnailUrl":"https:\/\/caracal-machines.cz\/new\/wp-content\/uploads\/2022\/06\/thumb_contact-1.jpg","datePublished":"2022-06-28T23:42:21+00:00","dateModified":"2025-07-21T10:52:41+00:00","breadcrumb":{"@id":"https:\/\/caracal-machines.cz\/sk\/predaj\/#breadcrumb"},"inLanguage":"sk-SK","potentialAction":[{"@type":"ReadAction","target":["https:\/\/caracal-machines.cz\/sk\/predaj\/"]}]},{"@type":"ImageObject","inLanguage":"sk-SK","@id":"https:\/\/caracal-machines.cz\/sk\/predaj\/#primaryimage","url":"https:\/\/caracal-machines.cz\/new\/wp-content\/uploads\/2022\/06\/thumb_contact-1.jpg","contentUrl":"https:\/\/caracal-machines.cz\/new\/wp-content\/uploads\/2022\/06\/thumb_contact-1.jpg","width":1760,"height":394},{"@type":"BreadcrumbList","@id":"https:\/\/caracal-machines.cz\/sk\/predaj\/#breadcrumb","itemListElement":[{"@type":"ListItem","position":1,"name":"Dom\u016f","item":"https:\/\/caracal-machines.cz\/"},{"@type":"ListItem","position":2,"name":"Predaj"}]},{"@type":"WebSite","@id":"https:\/\/caracal-machines.cz\/sk\/#website","url":"https:\/\/caracal-machines.cz\/sk\/","name":"CARACAL MACHINES s. r. o.","description":"","potentialAction":[{"@type":"SearchAction","target":{"@type":"EntryPoint","urlTemplate":"https:\/\/caracal-machines.cz\/sk\/?s={search_term_string}"},"query-input":{"@type":"PropertyValueSpecification","valueRequired":true,"valueName":"search_term_string"}}],"inLanguage":"sk-SK"}]}},"_links":{"self":[{"href":"https:\/\/caracal-machines.cz\/sk\/wp-json\/wp\/v2\/pages\/11333","targetHints":{"allow":["GET"]}}],"collection":[{"href":"https:\/\/caracal-machines.cz\/sk\/wp-json\/wp\/v2\/pages"}],"about":[{"href":"https:\/\/caracal-machines.cz\/sk\/wp-json\/wp\/v2\/types\/page"}],"author":[{"embeddable":true,"href":"https:\/\/caracal-machines.cz\/sk\/wp-json\/wp\/v2\/users\/1"}],"replies":[{"embeddable":true,"href":"https:\/\/caracal-machines.cz\/sk\/wp-json\/wp\/v2\/comments?post=11333"}],"version-history":[{"count":0,"href":"https:\/\/caracal-machines.cz\/sk\/wp-json\/wp\/v2\/pages\/11333\/revisions"}],"wp:featuredmedia":[{"embeddable":true,"href":"https:\/\/caracal-machines.cz\/sk\/wp-json\/wp\/v2\/media\/11334"}],"wp:attachment":[{"href":"https:\/\/caracal-machines.cz\/sk\/wp-json\/wp\/v2\/media?parent=11333"}],"curies":[{"name":"wp","href":"https:\/\/api.w.org\/{rel}","templated":true}]}}